{"id":767,"date":"2021-12-20T13:46:43","date_gmt":"2021-12-20T13:46:43","guid":{"rendered":"https:\/\/robotive.eu\/zasady-spracovania-osobnych-udajov\/"},"modified":"2023-05-25T06:28:52","modified_gmt":"2023-05-25T06:28:52","slug":"schutz-personenbezogener-daten","status":"publish","type":"page","link":"https:\/\/robotive.eu\/de\/schutz-personenbezogener-daten\/","title":{"rendered":"Z\u00e1sady spracovania osobn\u00fdch \u00fadajov"},"content":{"rendered":"<div class=\"fusion-fullwidth fullwidth-box fusion-builder-row-1 fusion-flex-container nonhundred-percent-fullwidth non-hundred-percent-height-scrolling\" style=\"background-color: rgba(255,255,255,0);background-position: center center;background-repeat: no-repeat;border-width: 0px 0px 0px 0px;border-color:#e2e2e2;border-style:solid;\" ><div class=\"fusion-builder-row fusion-row fusion-flex-align-items-flex-start\" style=\"max-width:1248px;margin-left: calc(-4% \/ 2 );margin-right: calc(-4% \/ 2 );\"><div class=\"fusion-layout-column fusion_builder_column fusion-builder-column-0 fusion_builder_column_1_1 1_1 fusion-flex-column\"><div class=\"fusion-column-wrapper fusion-flex-justify-content-flex-start fusion-content-layout-column\" style=\"background-position:left top;background-repeat:no-repeat;-webkit-background-size:cover;-moz-background-size:cover;-o-background-size:cover;background-size:cover;padding: 0px 0px 0px 0px;\"><style type=\"text\/css\">@media only screen and (max-width:1024px) {.fusion-title.fusion-title-1{margin-top:10px!important; margin-right:0px!important;margin-bottom:15px!important;margin-left:0px!important;}}@media only screen and (max-width:800px) {.fusion-title.fusion-title-1{margin-top:10px!important; margin-right:0px!important;margin-bottom:10px!important; margin-left:0px!important;}}<\/style><div class=\"fusion-title title fusion-title-1 fusion-sep-none fusion-title-center fusion-title-text fusion-title-size-one\" style=\"margin-top:10px;margin-right:0px;margin-bottom:15px;margin-left:0px;\"><h1 class=\"title-heading-center fusion-responsive-typography-calculated\" style=\"margin:0;--fontSize:38;line-height:1.16;\">Schutz personenbezogener Daten<\/h1><\/div><div class=\"fusion-text fusion-text-1\"><p>Informationen \u00fcber die Verarbeitung personenbezogener Daten gem\u00e4\u00df der Verordnung (EU) 2016\/679 des Europ\u00e4ischen Parlaments und des Rates Allgemeine Datenschutzverordnung (DSGVO)<\/p>\n<p>Die Gesellschaft <strong>Robotive s.r.o.<\/strong> respektiert die Privatsph\u00e4re des Einzelnen und geht verantwortungsbewusst mit der Verarbeitung personenbezogener Daten um. In \u00dcbereinstimmung mit den geltenden Datenschutzvorschriften informierenwir Sie dar\u00fcber, wie wir personenbezogene Daten verarbeiten. Der Rechtsrahmen f\u00fcr den Schutz personenbezogener Daten besteht aus der Verordnung (EU) 2016\/679 des Europ\u00e4ischen Parlaments und des Rates vom 27. April 2016 zum Schutz nat\u00fcrlicher Personen bei der Verarbeitung personenbezogener Daten und zum freien Datenverkehr und zur Aufhebung der Richtlinie 95\/46\/EG (Datenschutz-Grundverordnung) (nachstehend &#8222;DSGVO&#8220; genannt) und dem Gesetz Nr. 18\/2018 Slg. \u00fcber den Schutz personenbezogener Daten und zur \u00c4nderung bestimmter Gesetze (nachstehend &#8222;Datenschutzgesetz&#8220; genannt).<\/p>\n<p><strong>Betreiber<\/strong><\/p>\n<p>Der Betreiber ist Robotive s.r.o., Pulick\u00e1 695, 518 01 Dobru\u0161ka, Tschechische Republik, Ident.-Nr.: 04723651, eingetragen im Handelsregister des Bezirksgerichts Hradec Kralove, Einlage-Nr. C 46588 (nachstehend &#8222;Betreiber&#8220; genannt).<\/p>\n<p>Kontaktdaten des Betreibers:<br \/>\nTel. <a href=\"tel:+420 722 112\u00a0063\">+420 722 112\u00a0063<\/a><br \/>\nE-Mail: <a href=\"mailto:info@robotive.eu\">info@robotive.eu<\/a><\/p>\n<p><strong>Definition der Grundbegriffe<\/strong><\/p>\n<p>Personenbezogene Daten sind Daten, die sich auf eine bestimmte oder bestimmbare nat\u00fcrliche Person beziehen, die direkt oder indirekt identifiziert werden kann. Eine betroffene Person ist jede nat\u00fcrliche Person, deren personenbezogene Daten verarbeitet werden.<\/p>\n<p><strong>Zweckgebundene Verarbeitung von personenbezogenen Daten und Rechtsgrundlage f\u00fcr die Verarbeitung personenbezogener Daten<\/strong><\/p>\n<p><strong>i. Bestellung von Dienstleistungen oder Waren und Abschluss eines Kaufvertrags, einschlie\u00dflich der vorvertraglichen Beziehungen und der damit verbundene<\/strong> und nachfolgende Realisierung der Zahlung, Lieferung der Dienstleistung oder Ware.<br \/>\nDer Umfang der verarbeiteten personenbezogenen Daten ergibt sich aus dem Dienstleistungs- oder Kaufvertrag, insbesondere: Vor- und Nachname des Kunden, Rechnungsanschrift\/Lieferanschrift, Kontaktdaten (Telefonnummer, E-Mail-Adresse), Angaben zu den gekauften Waren oder erbrachten Dienstleistungen und Daten \u00fcber die Bezahlung der Waren.<br \/>\nDie Rechtsgrundlage f\u00fcr die Verarbeitung personenbezogener Daten ist die Erf\u00fcllung eines Vertrags, bei dem die betroffene Person (der Kunde) eine Vertragspartei ist, oder die Durchf\u00fchrung vorvertraglicher Ma\u00dfnahmen auf Antrag der betroffenen Person im Sinne von Artikel 6 Absatz 1 Buchstabe b der Datenschutz-Grundverordnung.<br \/>\nDie Bereitstellung der personenbezogenen Daten ist f\u00fcr den Abschluss und die ordnungsgem\u00e4\u00dfe Erf\u00fcllung des Vertrags erforderlich.<br \/>\nOhne die Angabe wahrheitsgem\u00e4\u00dfer Daten kann der betreffende Vertrag nicht geschlossen und\/oder ordnungsgem\u00e4\u00df erf\u00fcllt werden. Personenbezogene Daten werden f\u00fcr die Dauer des Vertragsverh\u00e4ltnisses oder f\u00fcr die Dauer der Geltendmachung von Rechtsanspr\u00fcchen verarbeitet.<\/p>\n<p><strong>ii. Buchhaltungs- und Steuerzwecke<\/strong><br \/>\nPersonenbezogene Daten werden zur Erf\u00fcllung der sich aus den Buchhaltungs- und Steuervorschriften ergebenden Verpflichtungen verarbeitet, soweit dies in den geltenden Rechtsvorschriften vorgesehen ist.<br \/>\nDie Rechtsgrundlage f\u00fcr die Verarbeitung personenbezogener Daten ist die Erf\u00fcllung der rechtlichen Verpflichtungen des f\u00fcr die Verarbeitung Verantwortlichen im Sinne von Artikel 6 Absatz 1 Buchstabe c der Datenschutz-Grundverordnung.<br \/>\nDie Verarbeitung personenbezogener Daten erfolgt ohne die Zustimmung der betroffenen Person, da die Verarbeitung personenbezogener Daten in einer spezifischen Verordnung vorgesehen ist.<\/p>\n<p><strong>iii. Evidenz von Stellenbewerbungen<\/strong><br \/>\nZum Zweck der Evidenz von Stellenbewerbern verarbeitet der f\u00fcr die Verarbeitung Verantwortliche personenbezogene Daten im Rahmen der von der betroffenen Person \u00fcbermittelten Unterlagen (Lebenslauf, Anschreiben, Zeugnisse, Bescheinigungen), insbesondere Vor- und Nachname, Titel, Wohnanschrift, Telefonnummer, E-Mail-Adresse und andere vom Stellenbewerber angegebene Daten. Die Rechtsgrundlage f\u00fcr die Verarbeitung personenbezogener Daten ist die Einwilligung der betroffenen Person im Sinne von Artikel 6 Absatz 1 Buchstabe a der DSGVO. Die Einwilligung der betroffenen Person in die Verarbeitung ihrer personenbezogenen Daten ist freiwillig. Die betroffene Person hat das Recht, ihre Einwilligung jederzeit zu widerrufen. Durch den Widerruf der Einwilligung wird die Rechtm\u00e4\u00dfigkeit der aufgrund der Einwilligung bis zum Widerruf erfolgten Verarbeitung nicht ber\u00fchrt. Ohne die Zustimmung der betroffenen Person kann sie nicht in das Bewerberverzeichnis aufgenommen werden. Personenbezogene Daten werden 5 Jahre lang aufbewahrt, nachdem die Zustimmung erteilt wurde oder bis die betroffene Person ihre Zustimmung widerruft.<\/p>\n<p><strong>iv. Verwaltung von Profilen in sozialen Netzwerken (Fanpages)<\/strong><br \/>\nZum Zwecke der F\u00f6rderung des Verkaufs von Produkten und Dienstleistungen des Betreibers sowie der Nutzung des Umfelds sozialer Netzwerke als Kommunikationskanal mit dem Kunden oder potenziellen Kunden verwaltet der Betreiber seine Profile in sozialen Netzwerken (Facebook und Instagram). Die Rechtsgrundlage f\u00fcr die Verarbeitung personenbezogener Daten ist das berechtigte Interesse des f\u00fcr die Verarbeitung Verantwortlichen gem\u00e4\u00df Artikel 6 Absatz 1 Buchstabe f der Datenschutz-Grundverordnung. Das berechtigte Interesse des f\u00fcr die Verarbeitung Verantwortlichen besteht insbesondere darin, den Bekanntheitsgrad der Dienstleistungen und Produkte des f\u00fcr die Verarbeitung Verantwortlichen zu erh\u00f6hen. Die personenbezogenen Daten werden so lange gespeichert, bis der Beitrag von der betroffenen Person aus dem sozialen Netzwerk entfernt wird, der Beitrag vom Betreiber entfernt wird, die betroffene Person der Verarbeitung widerspricht oder der Betreiber einen Antrag der betroffenen Person auf L\u00f6schung ihrer personenbezogenen Daten aus dem Profil des Betreibers erh\u00e4lt. Der Betreiber kann die Informationen \u00fcber die Nutzung der Website oder die Aktivit\u00e4t auf den Profilen der sozialen Netzwerke des Betreibers in zusammengefasster Form f\u00fcr statistische Analysen des Website-Verkehrs (Konten der sozialen Netzwerke) verwenden, um den Inhalt und die Benutzererfahrung der Besucher der Website oder der Konten der sozialen Netzwerke des Betreibers zu verbessern.<\/p>\n<p><strong>v. Sicherheit der Informationssysteme und der Website<\/strong><br \/>\nUm den sicheren und zuverl\u00e4ssigen Betrieb der Informationssysteme und der Website des Betreibers zu gew\u00e4hrleisten, werden Online-Identifikatoren (z. B. IP-Adresse, Cookies) verarbeitet, die unter bestimmten Umst\u00e4nden den Charakter von personenbezogenen Daten haben k\u00f6nnen. Die Rechtsgrundlage f\u00fcr die Verarbeitung personenbezogener Daten ist das berechtigte Interesse des f\u00fcr die Verarbeitung Verantwortlichen im Sinne von Artikel 6 Absatz 1 Buchstabe f der Datenschutz-Grundverordnung. Das berechtigte Interesse des f\u00fcr die Verarbeitung Verantwortlichen besteht darin, die Informationssicherheit der betriebenen Systeme zu gew\u00e4hrleisten. Die Verarbeitung personenbezogener Daten zu diesem Zweck ist ein legitimes Erfordernis des f\u00fcr die Verarbeitung Verantwortlichen. Die Aufbewahrungsfrist dieser personenbezogenen Daten richtet sich nach den Systemeinstellungen der einzelnen Informationssysteme.<\/p>\n<p><strong>Empf\u00e4nger von personenbezogenen Daten<\/strong><\/p>\n<p>Die personenbezogenen Daten der betroffenen Personen werden von befugten Mitarbeitern des f\u00fcr die Verarbeitung Verantwortlichen verarbeitet, die zur Vertraulichkeit verpflichtet sind und im Bereich des Schutzes personenbezogener Daten geschult wurden. Zum Zwecke der Vertragserf\u00fcllung werden personenbezogene Daten auch an unsere Vertragspartner im Bereich der Buchhaltung und des Warentransports (Kurier- und Transportunternehmen) weitergegeben. Auf Antrag der betroffenen Person teilt der f\u00fcr die Verarbeitung Verantwortliche mit, welche Auftragsverarbeiter an der Verarbeitung der personenbezogenen Daten der betroffenen Person beteiligt sind. Dar\u00fcber hinaus k\u00f6nnen die personenbezogenen Daten der betroffenen Personen im Rahmen spezifischer Vorschriften an Organe der \u00f6ffentlichen Verwaltung und staatliche Beh\u00f6rden weitergegeben werden. Bei der Verwaltung der Profile des Betreibers in sozialen Netzwerken hat auch der Betreiber des jeweiligen sozialen Netzwerks Zugriff auf die Daten. Weitere Informationen zu den einzelnen Betreibern der sozialen Netzwerke finden Sie auf der Website des jeweiligen sozialen Netzwerks.<\/p>\n<p><strong>\u00dcbermittlung personenbezogener Daten an Drittl\u00e4nder und Analytik<\/strong><\/p>\n<p>Personenbezogene Daten werden nicht in Drittl\u00e4nder \u00fcbermittelt, und personenbezogene Daten sind kein Gegenstand einer automatisierten individuellen Entscheidungsfindung oder eines Profilings. Aufbewahrungsfrist f\u00fcr personenbezogene Daten<br \/>\nDer f\u00fcr die Verarbeitung Verantwortliche speichert personenbezogene Daten f\u00fcr die Dauer:<\/p>\n<ul>\n<li>des Vertragsverh\u00e4ltnisses und f\u00fcr die Dauer der Verj\u00e4hrungsfrist des betreffenden Anspruchs,<\/li>\n<li>der Erf\u00fcllung des Zwecks der Verarbeitung der personenbezogenen Daten,<\/li>\n<li>des berechtigten Interesses des f\u00fcr die Verarbeitung Verantwortlichen,<\/li>\n<li>der durch besondere Vorschriften festgelegten Frist.<\/li>\n<\/ul>\n<p><strong>Rechte der betroffenen Person<\/strong><\/p>\n<p>Als betroffene Person haben Sie nach der DSGVO die folgenden Rechte:<\/p>\n<p><strong>Recht auf Zugriff<\/strong> &#8211; Sie haben das Recht, eine Kopie der personenbezogenen Daten, die wir \u00fcber Sie verarbeiten, zu erhalten sowie Informationen dar\u00fcber, wie wir Ihre personenbezogenen Daten verwenden. Ihre pers\u00f6nlichen Daten werden Ihnen in der gleichen Form zur Verf\u00fcgung gestellt, wie Sie sie angefordert haben, soweit dies technisch m\u00f6glich ist.<\/p>\n<p><strong>Recht auf Berichtigung<\/strong> &#8211; wir ergreifen angemessene Ma\u00dfnahmen, um sicherzustellen, dass die von uns \u00fcber Sie gespeicherten Daten richtig, vollst\u00e4ndig und aktuell sind. Wenn Sie der Meinung sind, dass die von uns gespeicherten Informationen ungenau, unvollst\u00e4ndig oder veraltet sind, z\u00f6gern Sie bitte nicht, uns um die Korrektur, Aktualisierung oder Vervollst\u00e4ndigung der Informationen zu bitten.<\/p>\n<p><strong>Recht auf L\u00f6schung (auf Vergessenwerden)<\/strong> &#8211; Sie haben das Recht, von uns die L\u00f6schung Ihrer personenbezogenen Daten zu verlangen, z. B. wenn die von uns \u00fcber Sie erhobenen personenbezogenen Daten nicht mehr erforderlich sind, um den urspr\u00fcnglichen Zweck der Verarbeitung zu erf\u00fcllen. Ihr Recht muss jedoch unter Ber\u00fccksichtigung aller relevanten Umst\u00e4nde gepr\u00fcft werden. So k\u00f6nnen wir beispielsweise bestimmten rechtlichen und regulatorischen Verpflichtungen unterliegen, die es uns unm\u00f6glich machen, Ihrer Anfrage nachzukommen.<\/p>\n<p><strong>Recht auf Einschr\u00e4nkung der Verarbeitung<\/strong> &#8211; unter bestimmten Umst\u00e4nden haben Sie das Recht, uns aufzufordern, die Verwendung Ihrer personenbezogenen Daten einzustellen. Dies ist z. B. der Fall, wenn Sie der Meinung sind, dass die von uns \u00fcber Sie gespeicherten personenbezogenen Daten unrichtig sind, oder wenn Sie der Meinung sind, dass wir Ihre personenbezogenen Daten nicht mehr verwenden m\u00fcssen. Recht auf Daten\u00fcbertragbarkeit &#8211; unter bestimmten Umst\u00e4nden haben Sie das Recht, von uns zu verlangen, dass wir die personenbezogenen Daten, die Sie uns zur Verf\u00fcgung gestellt haben, an einen Dritten Ihrer Wahl weitergeben. Das Recht auf Daten\u00fcbertragbarkeit gilt jedoch nur f\u00fcr personenbezogene Daten, die wir von Ihnen mit Ihrer Zustimmung oder im Rahmen eines Vertrags, an dem Sie beteiligt sind, erhalten haben.<\/p>\n<p><strong>Widerspruchsrecht<\/strong> &#8211; Sie haben das Recht, der Verarbeitung auf der Grundlage unserer berechtigten Interessen zu widersprechen. K\u00f6nnen wir keine zwingenden schutzw\u00fcrdigen Gr\u00fcnde f\u00fcr die Verarbeitung personenbezogener Daten nachweisen, die die Interessen, Rechte und Freiheiten der betroffenen Person oder die Verteidigung eines Rechtsanspruchs \u00fcberwiegen, und legen Sie Widerspruch ein, werden wir Ihre personenbezogenen Daten nicht mehr verarbeiten.<\/p>\n<p><strong>Das Recht, einen Antrag auf Einleitung eines Verfahrens zum Schutz personenbezogener Daten zu stellen<\/strong> &#8211; wenn Sie der Meinung sind, dass wir Ihre personenbezogenen Daten auf unfaire oder unrechtm\u00e4\u00dfige Weise verarbeiten, k\u00f6nnen Sie eine Beschwerde bei der Aufsichtsbeh\u00f6rde einreichen, d. h. beim Amt f\u00fcr den Schutz personenbezogener Daten der Slowakischen Republik, Hrani\u010dn\u00e1 12, 820 07 Bratislava 27, <a href=\"https:\/\/dataprotection.gov.sk\/\" target=\"_blank\" rel=\"noopener\">www.dataprotection.gov.sk<\/a>.<\/p>\n<p><strong>Recht auf Widerruf der Einwilligung<\/strong> &#8211; Wenn die Verarbeitung Ihrer personenbezogenen Daten auf Ihrer Einwilligung beruht, haben Sie das Recht, Ihre Einwilligung jederzeit zu widerrufen, ohne dass die Rechtm\u00e4\u00dfigkeit der Verarbeitung aufgrund der vor dem Widerruf erteilten Einwilligung ber\u00fchrt wird.<\/p>\n<p><strong>Sie k\u00f6nnen diese Rechte aus\u00fcben:<\/strong><\/p>\n<ul>\n<li>elektronisch per E-Mail an: <a href=\"mailto:info@robotive.eu\">info@robotive.eu<\/a>;<\/li>\n<li>schriftlich an Robotive s.r.o., Pulick\u00e1 695, 518 01 Dobru\u0161ka, Tschechische Republik.<\/li>\n<\/ul>\n<\/div><\/div><style type=\"text\/css\">.fusion-body .fusion-builder-column-0{width:100% !important;margin-top : 0px;margin-bottom : 20px;}.fusion-builder-column-0 > .fusion-column-wrapper {padding-top : 0px !important;padding-right : 0px !important;margin-right : 1.92%;padding-bottom : 0px !important;padding-left : 0px !important;margin-left : 1.92%;}@media only screen and (max-width:1024px) {.fusion-body .fusion-builder-column-0{width:100% !important;order : 0;}.fusion-builder-column-0 > .fusion-column-wrapper {margin-right : 1.92%;margin-left : 1.92%;}}@media only screen and (max-width:800px) {.fusion-body .fusion-builder-column-0{width:100% !important;order : 0;}.fusion-builder-column-0 > .fusion-column-wrapper {margin-right : 1.92%;margin-left : 1.92%;}}<\/style><\/div><\/div><style type=\"text\/css\">.fusion-body .fusion-flex-container.fusion-builder-row-1{ padding-top : 0px;margin-top : 0px;padding-right : 0px;padding-bottom : 0px;margin-bottom : 0px;padding-left : 0px;}<\/style><\/div>\n","protected":false},"excerpt":{"rendered":"","protected":false},"author":1,"featured_media":0,"parent":0,"menu_order":0,"comment_status":"closed","ping_status":"closed","template":"","meta":{"footnotes":""},"class_list":["post-767","page","type-page","status-publish","hentry"],"yoast_head":"<!-- This site is optimized with the Yoast SEO plugin v22.7 - https:\/\/yoast.com\/wordpress\/plugins\/seo\/ -->\n<title>Z\u00e1sady spracovania osobn\u00fdch \u00fadajov - Robotive<\/title>\n<meta name=\"robots\" content=\"index, follow, max-snippet:-1, max-image-preview:large, max-video-preview:-1\" \/>\n<link rel=\"canonical\" href=\"https:\/\/robotive.eu\/de\/schutz-personenbezogener-daten\/\" \/>\n<meta property=\"og:locale\" content=\"de_DE\" \/>\n<meta property=\"og:type\" content=\"article\" \/>\n<meta property=\"og:title\" content=\"Z\u00e1sady spracovania osobn\u00fdch \u00fadajov - Robotive\" \/>\n<meta property=\"og:url\" content=\"https:\/\/robotive.eu\/de\/schutz-personenbezogener-daten\/\" \/>\n<meta property=\"og:site_name\" content=\"Robotive\" \/>\n<meta property=\"article:publisher\" content=\"https:\/\/www.facebook.com\/Robotive\/\" \/>\n<meta property=\"article:modified_time\" content=\"2023-05-25T06:28:52+00:00\" \/>\n<meta name=\"twitter:card\" content=\"summary_large_image\" \/>\n<meta name=\"twitter:label1\" content=\"Gesch\u00e4tzte Lesezeit\" \/>\n\t<meta name=\"twitter:data1\" content=\"11\u00a0Minuten\" \/>\n<script type=\"application\/ld+json\" class=\"yoast-schema-graph\">{\"@context\":\"https:\/\/schema.org\",\"@graph\":[{\"@type\":\"WebPage\",\"@id\":\"https:\/\/robotive.eu\/de\/schutz-personenbezogener-daten\/\",\"url\":\"https:\/\/robotive.eu\/de\/schutz-personenbezogener-daten\/\",\"name\":\"Z\u00e1sady spracovania osobn\u00fdch \u00fadajov - Robotive\",\"isPartOf\":{\"@id\":\"https:\/\/robotive.eu\/#website\"},\"datePublished\":\"2021-12-20T13:46:43+00:00\",\"dateModified\":\"2023-05-25T06:28:52+00:00\",\"breadcrumb\":{\"@id\":\"https:\/\/robotive.eu\/de\/schutz-personenbezogener-daten\/#breadcrumb\"},\"inLanguage\":\"de\",\"potentialAction\":[{\"@type\":\"ReadAction\",\"target\":[\"https:\/\/robotive.eu\/de\/schutz-personenbezogener-daten\/\"]}]},{\"@type\":\"BreadcrumbList\",\"@id\":\"https:\/\/robotive.eu\/de\/schutz-personenbezogener-daten\/#breadcrumb\",\"itemListElement\":[{\"@type\":\"ListItem\",\"position\":1,\"name\":\"Domovsk\u00e1 str\u00e1nka\",\"item\":\"https:\/\/robotive.eu\/de\/heim\/\"},{\"@type\":\"ListItem\",\"position\":2,\"name\":\"Z\u00e1sady spracovania osobn\u00fdch \u00fadajov\"}]},{\"@type\":\"WebSite\",\"@id\":\"https:\/\/robotive.eu\/#website\",\"url\":\"https:\/\/robotive.eu\/\",\"name\":\"robotive.eu\",\"description\":\"Robotics in automotive\",\"publisher\":{\"@id\":\"https:\/\/robotive.eu\/#organization\"},\"potentialAction\":[{\"@type\":\"SearchAction\",\"target\":{\"@type\":\"EntryPoint\",\"urlTemplate\":\"https:\/\/robotive.eu\/?s={search_term_string}\"},\"query-input\":\"required name=search_term_string\"}],\"inLanguage\":\"de\"},{\"@type\":\"Organization\",\"@id\":\"https:\/\/robotive.eu\/#organization\",\"name\":\"Robotive s.r.o.\",\"url\":\"https:\/\/robotive.eu\/\",\"logo\":{\"@type\":\"ImageObject\",\"inLanguage\":\"de\",\"@id\":\"https:\/\/robotive.eu\/#\/schema\/logo\/image\/\",\"url\":\"https:\/\/robotive.eu\/wp-content\/uploads\/2021\/09\/robotive-favicon.png\",\"contentUrl\":\"https:\/\/robotive.eu\/wp-content\/uploads\/2021\/09\/robotive-favicon.png\",\"width\":164,\"height\":164,\"caption\":\"Robotive s.r.o.\"},\"image\":{\"@id\":\"https:\/\/robotive.eu\/#\/schema\/logo\/image\/\"},\"sameAs\":[\"https:\/\/www.facebook.com\/Robotive\/\",\"https:\/\/www.linkedin.com\/company\/robotive\"]}]}<\/script>\n<!-- \/ Yoast SEO plugin. -->","yoast_head_json":{"title":"Z\u00e1sady spracovania osobn\u00fdch \u00fadajov - Robotive","robots":{"index":"index","follow":"follow","max-snippet":"max-snippet:-1","max-image-preview":"max-image-preview:large","max-video-preview":"max-video-preview:-1"},"canonical":"https:\/\/robotive.eu\/de\/schutz-personenbezogener-daten\/","og_locale":"de_DE","og_type":"article","og_title":"Z\u00e1sady spracovania osobn\u00fdch \u00fadajov - Robotive","og_url":"https:\/\/robotive.eu\/de\/schutz-personenbezogener-daten\/","og_site_name":"Robotive","article_publisher":"https:\/\/www.facebook.com\/Robotive\/","article_modified_time":"2023-05-25T06:28:52+00:00","twitter_card":"summary_large_image","twitter_misc":{"Gesch\u00e4tzte Lesezeit":"11\u00a0Minuten"},"schema":{"@context":"https:\/\/schema.org","@graph":[{"@type":"WebPage","@id":"https:\/\/robotive.eu\/de\/schutz-personenbezogener-daten\/","url":"https:\/\/robotive.eu\/de\/schutz-personenbezogener-daten\/","name":"Z\u00e1sady spracovania osobn\u00fdch \u00fadajov - Robotive","isPartOf":{"@id":"https:\/\/robotive.eu\/#website"},"datePublished":"2021-12-20T13:46:43+00:00","dateModified":"2023-05-25T06:28:52+00:00","breadcrumb":{"@id":"https:\/\/robotive.eu\/de\/schutz-personenbezogener-daten\/#breadcrumb"},"inLanguage":"de","potentialAction":[{"@type":"ReadAction","target":["https:\/\/robotive.eu\/de\/schutz-personenbezogener-daten\/"]}]},{"@type":"BreadcrumbList","@id":"https:\/\/robotive.eu\/de\/schutz-personenbezogener-daten\/#breadcrumb","itemListElement":[{"@type":"ListItem","position":1,"name":"Domovsk\u00e1 str\u00e1nka","item":"https:\/\/robotive.eu\/de\/heim\/"},{"@type":"ListItem","position":2,"name":"Z\u00e1sady spracovania osobn\u00fdch \u00fadajov"}]},{"@type":"WebSite","@id":"https:\/\/robotive.eu\/#website","url":"https:\/\/robotive.eu\/","name":"robotive.eu","description":"Robotics in automotive","publisher":{"@id":"https:\/\/robotive.eu\/#organization"},"potentialAction":[{"@type":"SearchAction","target":{"@type":"EntryPoint","urlTemplate":"https:\/\/robotive.eu\/?s={search_term_string}"},"query-input":"required name=search_term_string"}],"inLanguage":"de"},{"@type":"Organization","@id":"https:\/\/robotive.eu\/#organization","name":"Robotive s.r.o.","url":"https:\/\/robotive.eu\/","logo":{"@type":"ImageObject","inLanguage":"de","@id":"https:\/\/robotive.eu\/#\/schema\/logo\/image\/","url":"https:\/\/robotive.eu\/wp-content\/uploads\/2021\/09\/robotive-favicon.png","contentUrl":"https:\/\/robotive.eu\/wp-content\/uploads\/2021\/09\/robotive-favicon.png","width":164,"height":164,"caption":"Robotive s.r.o."},"image":{"@id":"https:\/\/robotive.eu\/#\/schema\/logo\/image\/"},"sameAs":["https:\/\/www.facebook.com\/Robotive\/","https:\/\/www.linkedin.com\/company\/robotive"]}]}},"_links":{"self":[{"href":"https:\/\/robotive.eu\/de\/wp-json\/wp\/v2\/pages\/767","targetHints":{"allow":["GET"]}}],"collection":[{"href":"https:\/\/robotive.eu\/de\/wp-json\/wp\/v2\/pages"}],"about":[{"href":"https:\/\/robotive.eu\/de\/wp-json\/wp\/v2\/types\/page"}],"author":[{"embeddable":true,"href":"https:\/\/robotive.eu\/de\/wp-json\/wp\/v2\/users\/1"}],"replies":[{"embeddable":true,"href":"https:\/\/robotive.eu\/de\/wp-json\/wp\/v2\/comments?post=767"}],"version-history":[{"count":10,"href":"https:\/\/robotive.eu\/de\/wp-json\/wp\/v2\/pages\/767\/revisions"}],"predecessor-version":[{"id":1905,"href":"https:\/\/robotive.eu\/de\/wp-json\/wp\/v2\/pages\/767\/revisions\/1905"}],"wp:attachment":[{"href":"https:\/\/robotive.eu\/de\/wp-json\/wp\/v2\/media?parent=767"}],"curies":[{"name":"wp","href":"https:\/\/api.w.org\/{rel}","templated":true}]}}