{"id":564,"date":"2021-11-30T11:00:38","date_gmt":"2021-11-30T11:00:38","guid":{"rendered":"https:\/\/robotive.eu\/ueber-uns\/"},"modified":"2022-05-22T21:56:13","modified_gmt":"2022-05-22T21:56:13","slug":"ueber-uns","status":"publish","type":"page","link":"https:\/\/robotive.eu\/de\/ueber-uns\/","title":{"rendered":"\u00dcber uns"},"content":{"rendered":"<p><div class=\"fusion-fullwidth fullwidth-box fusion-builder-row-1 fusion-flex-container nonhundred-percent-fullwidth non-hundred-percent-height-scrolling\" style=\"background-color: rgba(255,255,255,0);background-position: center center;background-repeat: no-repeat;border-width: 0px 0px 0px 0px;border-color:#e2e2e2;border-style:solid;\" ><div class=\"fusion-builder-row fusion-row fusion-flex-align-items-flex-start\" style=\"max-width:1248px;margin-left: calc(-4% \/ 2 );margin-right: calc(-4% \/ 2 );\"><div class=\"fusion-layout-column fusion_builder_column fusion-builder-column-0 fusion_builder_column_1_1 1_1 fusion-flex-column\"><div class=\"fusion-column-wrapper fusion-flex-justify-content-flex-start fusion-content-layout-column\" style=\"background-position:left top;background-repeat:no-repeat;-webkit-background-size:cover;-moz-background-size:cover;-o-background-size:cover;background-size:cover;padding: 0px 0px 0px 0px;\"><style type=\"text\/css\">@media only screen and (max-width:1024px) {.fusion-title.fusion-title-1{margin-top:10px!important; margin-right:0px!important;margin-bottom:15px!important;margin-left:0px!important;}}@media only screen and (max-width:800px) {.fusion-title.fusion-title-1{margin-top:10px!important; margin-right:0px!important;margin-bottom:10px!important; margin-left:0px!important;}}<\/style><div class=\"fusion-title title fusion-title-1 fusion-sep-none fusion-title-center fusion-title-text fusion-title-size-one\" style=\"margin-top:10px;margin-right:0px;margin-bottom:15px;margin-left:0px;\"><h1 class=\"title-heading-center fusion-responsive-typography-calculated\" style=\"margin:0;--fontSize:38;line-height:1.16;\">\u00dcber uns<\/h1><\/div><\/div><style type=\"text\/css\">.fusion-body .fusion-builder-column-0{width:100% !important;margin-top : 0px;margin-bottom : 20px;}.fusion-builder-column-0 > .fusion-column-wrapper {padding-top : 0px !important;padding-right : 0px !important;margin-right : 1.92%;padding-bottom : 0px !important;padding-left : 0px !important;margin-left : 1.92%;}@media only screen and (max-width:1024px) {.fusion-body .fusion-builder-column-0{width:100% !important;order : 0;}.fusion-builder-column-0 > .fusion-column-wrapper {margin-right : 1.92%;margin-left : 1.92%;}}@media only screen and (max-width:800px) {.fusion-body .fusion-builder-column-0{width:100% !important;order : 0;}.fusion-builder-column-0 > .fusion-column-wrapper {margin-right : 1.92%;margin-left : 1.92%;}}<\/style><\/div><\/div><style type=\"text\/css\">.fusion-body .fusion-flex-container.fusion-builder-row-1{ padding-top : 0px;margin-top : 0px;padding-right : 0px;padding-bottom : 0px;margin-bottom : 0px;padding-left : 0px;}<\/style><\/div><div class=\"fusion-fullwidth fullwidth-box fusion-builder-row-2 fusion-flex-container nonhundred-percent-fullwidth non-hundred-percent-height-scrolling\" style=\"background-color: rgba(255,255,255,0);background-position: center center;background-repeat: no-repeat;border-width: 0px 0px 0px 0px;border-color:#e2e2e2;border-style:solid;\" ><div class=\"fusion-builder-row fusion-row fusion-flex-align-items-flex-start\" style=\"max-width:1248px;margin-left: calc(-4% \/ 2 );margin-right: calc(-4% \/ 2 );\"><div class=\"fusion-layout-column fusion_builder_column fusion-builder-column-1 fusion_builder_column_1_1 1_1 fusion-flex-column\"><div class=\"fusion-column-wrapper fusion-flex-justify-content-flex-start fusion-content-layout-column\" style=\"background-position:left top;background-repeat:no-repeat;-webkit-background-size:cover;-moz-background-size:cover;-o-background-size:cover;background-size:cover;padding: 0px 0px 0px 0px;\"><div class=\"fusion-text fusion-text-1\"><p>Die Gesellschaft Robotive s.r.o. wurde zum Zweck der Programmierung von Industrierobotern und SPS-Systemen gegr\u00fcndet. Sie bietet ihren Gesch\u00e4ftspartnern L\u00f6sungen im Bereich der Industrieautomation, die neben der Programmierung auch die Grundparametrierung und Kalibrierung von Robotern, die Belebung und Inbetriebnahme, die Optimierung von Prozessen in Bezug auf Qualit\u00e4t und Produktionstakt usw. umfassen.<\/p>\n<p>Wir streben eine schnelle, aber effiziente Ausf\u00fchrung von Aufgaben an, mit dem Ziel, die Roboterleistung in der Produktion moderner Automobile zu entwickeln. Die Qualit\u00e4t und Zuverl\u00e4ssigkeit unserer Dienstleistungen werden durch erfolgreich abgeschlossene Projekte bewiesen, bei denen die Zufriedenheit unserer Kunden die oberste Priorit\u00e4t hat.<\/p>\n<p>Unser qualifiziertes Team von Programmierern wird st\u00e4ndig in den neuesten Technologien geschult, was uns zu Ihrem idealen Partner macht.<\/p>\n<\/div><\/div><style type=\"text\/css\">.fusion-body .fusion-builder-column-1{width:100% !important;margin-top : 0px;margin-bottom : 20px;}.fusion-builder-column-1 > .fusion-column-wrapper {padding-top : 0px !important;padding-right : 0px !important;margin-right : 1.92%;padding-bottom : 0px !important;padding-left : 0px !important;margin-left : 1.92%;}@media only screen and (max-width:1024px) {.fusion-body .fusion-builder-column-1{width:60% !important;order : 0;}.fusion-builder-column-1 > .fusion-column-wrapper {margin-right : 3.2%;margin-left : 3.2%;}}@media only screen and (max-width:800px) {.fusion-body .fusion-builder-column-1{width:100% !important;order : 0;}.fusion-builder-column-1 > .fusion-column-wrapper {margin-right : 1.92%;margin-left : 1.92%;}}<\/style><\/div><\/div><style type=\"text\/css\">.fusion-body .fusion-flex-container.fusion-builder-row-2{ padding-top : 70px;margin-top : 0px;padding-right : 0px;padding-bottom : 50px;margin-bottom : 0px;padding-left : 0px;}@media only screen and (max-width:1024px) {.fusion-body .fusion-flex-container.fusion-builder-row-2{ padding-top : 35px;padding-bottom : 25px;}}@media only screen and (max-width:800px) {.fusion-body .fusion-flex-container.fusion-builder-row-2{ padding-top : 35px;padding-bottom : 25px;}}<\/style><\/div><div class=\"fusion-fullwidth fullwidth-box fusion-builder-row-3 fusion-flex-container o-nas-stroj-container nonhundred-percent-fullwidth non-hundred-percent-height-scrolling\" style=\"background-color: #eeeeee;background-position: center center;background-repeat: no-repeat;border-width: 0px 0px 0px 0px;border-color:#e2e2e2;border-style:solid;\" ><div class=\"fusion-builder-row fusion-row fusion-flex-align-items-center\" style=\"max-width:1248px;margin-left: calc(-4% \/ 2 );margin-right: calc(-4% \/ 2 );\"><div class=\"fusion-layout-column fusion_builder_column fusion-builder-column-2 fusion_builder_column_1_2 1_2 fusion-flex-column\"><div class=\"fusion-column-wrapper fusion-flex-justify-content-flex-start fusion-content-layout-column\" style=\"background-position:left top;background-repeat:no-repeat;-webkit-background-size:cover;-moz-background-size:cover;-o-background-size:cover;background-size:cover;padding: 0px 0px 0px 0px;\"><\/div><style type=\"text\/css\">.fusion-body .fusion-builder-column-2{width:50% !important;margin-top : -40px;margin-bottom : -1px;}.fusion-builder-column-2 > .fusion-column-wrapper {padding-top : 0px !important;padding-right : 0px !important;margin-right : 3.84%;padding-bottom : 0px !important;padding-left : 0px !important;margin-left : 3.84%;}@media only screen and (max-width:1024px) {.fusion-body .fusion-builder-column-2{width:50% !important;order : 0;margin-top : -20px;}.fusion-builder-column-2 > .fusion-column-wrapper {margin-right : 3.84%;margin-left : 3.84%;}}@media only screen and (max-width:800px) {.fusion-body .fusion-builder-column-2{width:100% !important;order : 0;margin-top : 40px;}.fusion-builder-column-2 > .fusion-column-wrapper {margin-right : 1.92%;margin-left : 1.92%;}}<\/style><\/div><div class=\"fusion-layout-column fusion_builder_column fusion-builder-column-3 fusion_builder_column_1_2 1_2 fusion-flex-column\"><div class=\"fusion-column-wrapper fusion-flex-justify-content-flex-start fusion-content-layout-column\" style=\"background-position:left top;background-repeat:no-repeat;-webkit-background-size:cover;-moz-background-size:cover;-o-background-size:cover;background-size:cover;padding: 0px 0px 0px 0px;\"><style type=\"text\/css\">@media only screen and (max-width:1024px) {.fusion-title.fusion-title-2{margin-top:10px!important; margin-right:0px!important;margin-bottom:15px!important;margin-left:0px!important;}}@media only screen and (max-width:800px) {.fusion-title.fusion-title-2{margin-top:10px!important; margin-right:0px!important;margin-bottom:10px!important; margin-left:0px!important;}}<\/style><div class=\"fusion-title title fusion-title-2 fusion-sep-none fusion-title-text fusion-title-size-two\" style=\"font-size:28px;margin-top:10px;margin-right:0px;margin-bottom:15px;margin-left:0px;\"><h2 class=\"title-heading-left fusion-responsive-typography-calculated\" style=\"margin:0;font-size:1em;--fontSize:28;line-height:1.2;\">Wir bieten Ihnen die Programmierung von Industrierobotern:<\/h2><\/div><ul class=\"fusion-checklist fusion-checklist-1\" style=\"font-size:20px;line-height:34px;\"><li class=\"fusion-li-item\"><span style=\"height:34px;width:34px;margin-right:14px;\" class=\"icon-wrapper circle-no\"><i class=\"fusion-li-icon fa-circle fas\" style=\"color:#ec671b;\" aria-hidden=\"true\"><\/i><\/span><div class=\"fusion-li-item-content\" style=\"margin-left:48px;\">\n<p>KUKA KR C2<\/p>\n<\/div><\/li><li class=\"fusion-li-item\"><span style=\"height:34px;width:34px;margin-right:14px;\" class=\"icon-wrapper circle-no\"><i class=\"fusion-li-icon fa-circle fas\" style=\"color:#ec671b;\" aria-hidden=\"true\"><\/i><\/span><div class=\"fusion-li-item-content\" style=\"margin-left:48px;\">\n<p>KUKA KR C4<\/p>\n<\/div><\/li><li class=\"fusion-li-item\"><span style=\"height:34px;width:34px;margin-right:14px;\" class=\"icon-wrapper circle-no\"><i class=\"fusion-li-icon fa-circle fas\" style=\"color:#ec671b;\" aria-hidden=\"true\"><\/i><\/span><div class=\"fusion-li-item-content\" style=\"margin-left:48px;\">\n<p>KUKA VKR C4<\/p>\n<\/div><\/li><li class=\"fusion-li-item\"><span style=\"height:34px;width:34px;margin-right:14px;\" class=\"icon-wrapper circle-no\"><i class=\"fusion-li-icon fa-circle fas\" style=\"color:#ec671b;\" aria-hidden=\"true\"><\/i><\/span><div class=\"fusion-li-item-content\" style=\"margin-left:48px;\">\n<p>ABB IRC5<\/p>\n<\/div><\/li><li class=\"fusion-li-item\"><span style=\"height:34px;width:34px;margin-right:14px;\" class=\"icon-wrapper circle-no\"><i class=\"fusion-li-icon fa-circle fas\" style=\"color:#ec671b;\" aria-hidden=\"true\"><\/i><\/span><div class=\"fusion-li-item-content\" style=\"margin-left:48px;\">\n<p>FANUC R-30iA\/B<\/p>\n<\/div><\/li><\/ul><\/div><style type=\"text\/css\">.fusion-body .fusion-builder-column-3{width:50% !important;margin-top : 0px;margin-bottom : 0px;}.fusion-builder-column-3 > .fusion-column-wrapper {padding-top : 0px !important;padding-right : 0px !important;margin-right : 3.84%;padding-bottom : 0px !important;padding-left : 0px !important;margin-left : 3.84%;}@media only screen and (max-width:1024px) {.fusion-body .fusion-builder-column-3{width:50% !important;order : 0;}.fusion-builder-column-3 > .fusion-column-wrapper {margin-right : 3.84%;margin-left : 3.84%;}}@media only screen and (max-width:800px) {.fusion-body .fusion-builder-column-3{width:100% !important;order : 0;margin-top : 30px;}.fusion-builder-column-3 > .fusion-column-wrapper {margin-right : 1.92%;margin-left : 1.92%;}}<\/style><\/div><\/div><style type=\"text\/css\">.fusion-body .fusion-flex-container.fusion-builder-row-3{ padding-top : 40px;margin-top : 0px;padding-right : 0px;padding-bottom : 40px;margin-bottom : 0px;padding-left : 0px;}<\/style><\/div><div class=\"fusion-fullwidth fullwidth-box fusion-builder-row-4 fusion-flex-container nonhundred-percent-fullwidth non-hundred-percent-height-scrolling\" style=\"background-color: rgba(255,255,255,0);background-position: center center;background-repeat: no-repeat;border-width: 0px 0px 0px 0px;border-color:#e2e2e2;border-style:solid;\" ><div class=\"fusion-builder-row fusion-row fusion-flex-align-items-flex-start\" style=\"max-width:1248px;margin-left: calc(-4% \/ 2 );margin-right: calc(-4% \/ 2 );\"><\/div><style type=\"text\/css\">.fusion-body .fusion-flex-container.fusion-builder-row-4{ padding-top : 0px;margin-top : 0px;padding-right : 0px;padding-bottom : 0px;margin-bottom : 0px;padding-left : 0px;}<\/style><\/div><\/p>\n","protected":false},"excerpt":{"rendered":"","protected":false},"author":1,"featured_media":0,"parent":0,"menu_order":0,"comment_status":"closed","ping_status":"closed","template":"100-width.php","meta":{"footnotes":""},"class_list":["post-564","page","type-page","status-publish","hentry"],"yoast_head":"<!-- This site is optimized with the Yoast SEO plugin v22.7 - https:\/\/yoast.com\/wordpress\/plugins\/seo\/ -->\n<title>\u00dcber uns - Robotive<\/title>\n<meta name=\"robots\" content=\"index, follow, max-snippet:-1, max-image-preview:large, max-video-preview:-1\" \/>\n<link rel=\"canonical\" href=\"https:\/\/robotive.eu\/de\/ueber-uns\/\" \/>\n<meta property=\"og:locale\" content=\"de_DE\" \/>\n<meta property=\"og:type\" content=\"article\" \/>\n<meta property=\"og:title\" content=\"\u00dcber uns - Robotive\" \/>\n<meta property=\"og:url\" content=\"https:\/\/robotive.eu\/de\/ueber-uns\/\" \/>\n<meta property=\"og:site_name\" content=\"Robotive\" \/>\n<meta property=\"article:publisher\" content=\"https:\/\/www.facebook.com\/Robotive\/\" \/>\n<meta property=\"article:modified_time\" content=\"2022-05-22T21:56:13+00:00\" \/>\n<meta name=\"twitter:card\" content=\"summary_large_image\" \/>\n<meta name=\"twitter:label1\" content=\"Gesch\u00e4tzte Lesezeit\" \/>\n\t<meta name=\"twitter:data1\" content=\"15\u00a0Minuten\" \/>\n<script type=\"application\/ld+json\" class=\"yoast-schema-graph\">{\"@context\":\"https:\/\/schema.org\",\"@graph\":[{\"@type\":\"WebPage\",\"@id\":\"https:\/\/robotive.eu\/de\/ueber-uns\/\",\"url\":\"https:\/\/robotive.eu\/de\/ueber-uns\/\",\"name\":\"\u00dcber uns - Robotive\",\"isPartOf\":{\"@id\":\"https:\/\/robotive.eu\/#website\"},\"datePublished\":\"2021-11-30T11:00:38+00:00\",\"dateModified\":\"2022-05-22T21:56:13+00:00\",\"breadcrumb\":{\"@id\":\"https:\/\/robotive.eu\/de\/ueber-uns\/#breadcrumb\"},\"inLanguage\":\"de\",\"potentialAction\":[{\"@type\":\"ReadAction\",\"target\":[\"https:\/\/robotive.eu\/de\/ueber-uns\/\"]}]},{\"@type\":\"BreadcrumbList\",\"@id\":\"https:\/\/robotive.eu\/de\/ueber-uns\/#breadcrumb\",\"itemListElement\":[{\"@type\":\"ListItem\",\"position\":1,\"name\":\"Domovsk\u00e1 str\u00e1nka\",\"item\":\"https:\/\/robotive.eu\/de\/heim\/\"},{\"@type\":\"ListItem\",\"position\":2,\"name\":\"\u00dcber uns\"}]},{\"@type\":\"WebSite\",\"@id\":\"https:\/\/robotive.eu\/#website\",\"url\":\"https:\/\/robotive.eu\/\",\"name\":\"robotive.eu\",\"description\":\"Robotics in automotive\",\"publisher\":{\"@id\":\"https:\/\/robotive.eu\/#organization\"},\"potentialAction\":[{\"@type\":\"SearchAction\",\"target\":{\"@type\":\"EntryPoint\",\"urlTemplate\":\"https:\/\/robotive.eu\/?s={search_term_string}\"},\"query-input\":\"required name=search_term_string\"}],\"inLanguage\":\"de\"},{\"@type\":\"Organization\",\"@id\":\"https:\/\/robotive.eu\/#organization\",\"name\":\"Robotive s.r.o.\",\"url\":\"https:\/\/robotive.eu\/\",\"logo\":{\"@type\":\"ImageObject\",\"inLanguage\":\"de\",\"@id\":\"https:\/\/robotive.eu\/#\/schema\/logo\/image\/\",\"url\":\"https:\/\/robotive.eu\/wp-content\/uploads\/2021\/09\/robotive-favicon.png\",\"contentUrl\":\"https:\/\/robotive.eu\/wp-content\/uploads\/2021\/09\/robotive-favicon.png\",\"width\":164,\"height\":164,\"caption\":\"Robotive s.r.o.\"},\"image\":{\"@id\":\"https:\/\/robotive.eu\/#\/schema\/logo\/image\/\"},\"sameAs\":[\"https:\/\/www.facebook.com\/Robotive\/\",\"https:\/\/www.linkedin.com\/company\/robotive\"]}]}<\/script>\n<!-- \/ Yoast SEO plugin. -->","yoast_head_json":{"title":"\u00dcber uns - Robotive","robots":{"index":"index","follow":"follow","max-snippet":"max-snippet:-1","max-image-preview":"max-image-preview:large","max-video-preview":"max-video-preview:-1"},"canonical":"https:\/\/robotive.eu\/de\/ueber-uns\/","og_locale":"de_DE","og_type":"article","og_title":"\u00dcber uns - Robotive","og_url":"https:\/\/robotive.eu\/de\/ueber-uns\/","og_site_name":"Robotive","article_publisher":"https:\/\/www.facebook.com\/Robotive\/","article_modified_time":"2022-05-22T21:56:13+00:00","twitter_card":"summary_large_image","twitter_misc":{"Gesch\u00e4tzte Lesezeit":"15\u00a0Minuten"},"schema":{"@context":"https:\/\/schema.org","@graph":[{"@type":"WebPage","@id":"https:\/\/robotive.eu\/de\/ueber-uns\/","url":"https:\/\/robotive.eu\/de\/ueber-uns\/","name":"\u00dcber uns - Robotive","isPartOf":{"@id":"https:\/\/robotive.eu\/#website"},"datePublished":"2021-11-30T11:00:38+00:00","dateModified":"2022-05-22T21:56:13+00:00","breadcrumb":{"@id":"https:\/\/robotive.eu\/de\/ueber-uns\/#breadcrumb"},"inLanguage":"de","potentialAction":[{"@type":"ReadAction","target":["https:\/\/robotive.eu\/de\/ueber-uns\/"]}]},{"@type":"BreadcrumbList","@id":"https:\/\/robotive.eu\/de\/ueber-uns\/#breadcrumb","itemListElement":[{"@type":"ListItem","position":1,"name":"Domovsk\u00e1 str\u00e1nka","item":"https:\/\/robotive.eu\/de\/heim\/"},{"@type":"ListItem","position":2,"name":"\u00dcber uns"}]},{"@type":"WebSite","@id":"https:\/\/robotive.eu\/#website","url":"https:\/\/robotive.eu\/","name":"robotive.eu","description":"Robotics in automotive","publisher":{"@id":"https:\/\/robotive.eu\/#organization"},"potentialAction":[{"@type":"SearchAction","target":{"@type":"EntryPoint","urlTemplate":"https:\/\/robotive.eu\/?s={search_term_string}"},"query-input":"required name=search_term_string"}],"inLanguage":"de"},{"@type":"Organization","@id":"https:\/\/robotive.eu\/#organization","name":"Robotive s.r.o.","url":"https:\/\/robotive.eu\/","logo":{"@type":"ImageObject","inLanguage":"de","@id":"https:\/\/robotive.eu\/#\/schema\/logo\/image\/","url":"https:\/\/robotive.eu\/wp-content\/uploads\/2021\/09\/robotive-favicon.png","contentUrl":"https:\/\/robotive.eu\/wp-content\/uploads\/2021\/09\/robotive-favicon.png","width":164,"height":164,"caption":"Robotive s.r.o."},"image":{"@id":"https:\/\/robotive.eu\/#\/schema\/logo\/image\/"},"sameAs":["https:\/\/www.facebook.com\/Robotive\/","https:\/\/www.linkedin.com\/company\/robotive"]}]}},"_links":{"self":[{"href":"https:\/\/robotive.eu\/de\/wp-json\/wp\/v2\/pages\/564","targetHints":{"allow":["GET"]}}],"collection":[{"href":"https:\/\/robotive.eu\/de\/wp-json\/wp\/v2\/pages"}],"about":[{"href":"https:\/\/robotive.eu\/de\/wp-json\/wp\/v2\/types\/page"}],"author":[{"embeddable":true,"href":"https:\/\/robotive.eu\/de\/wp-json\/wp\/v2\/users\/1"}],"replies":[{"embeddable":true,"href":"https:\/\/robotive.eu\/de\/wp-json\/wp\/v2\/comments?post=564"}],"version-history":[{"count":20,"href":"https:\/\/robotive.eu\/de\/wp-json\/wp\/v2\/pages\/564\/revisions"}],"predecessor-version":[{"id":1446,"href":"https:\/\/robotive.eu\/de\/wp-json\/wp\/v2\/pages\/564\/revisions\/1446"}],"wp:attachment":[{"href":"https:\/\/robotive.eu\/de\/wp-json\/wp\/v2\/media?parent=564"}],"curies":[{"name":"wp","href":"https:\/\/api.w.org\/{rel}","templated":true}]}}