{"id":1898,"date":"2023-05-25T06:06:33","date_gmt":"2023-05-25T06:06:33","guid":{"rendered":"https:\/\/robotive.eu\/zasady-zpracovani-osobnich-udaju\/"},"modified":"2025-09-03T09:43:53","modified_gmt":"2025-09-03T09:43:53","slug":"zasady-zpracovani-osobnich-udaju","status":"publish","type":"page","link":"https:\/\/robotive.eu\/cs\/zasady-zpracovani-osobnich-udaju\/","title":{"rendered":"Z\u00e1sady zpracov\u00e1n\u00ed osobn\u00edch \u00fadaj\u016f"},"content":{"rendered":"<div class=\"fusion-fullwidth fullwidth-box fusion-builder-row-1 fusion-flex-container nonhundred-percent-fullwidth non-hundred-percent-height-scrolling\" style=\"background-color: rgba(255,255,255,0);background-position: center center;background-repeat: no-repeat;border-width: 0px 0px 0px 0px;border-color:#e2e2e2;border-style:solid;\" ><div class=\"fusion-builder-row fusion-row fusion-flex-align-items-flex-start\" style=\"max-width:1248px;margin-left: calc(-4% \/ 2 );margin-right: calc(-4% \/ 2 );\"><div class=\"fusion-layout-column fusion_builder_column fusion-builder-column-0 fusion_builder_column_1_1 1_1 fusion-flex-column\"><div class=\"fusion-column-wrapper fusion-flex-justify-content-flex-start fusion-content-layout-column\" style=\"background-position:left top;background-repeat:no-repeat;-webkit-background-size:cover;-moz-background-size:cover;-o-background-size:cover;background-size:cover;padding: 0px 0px 0px 0px;\"><style type=\"text\/css\">@media only screen and (max-width:1024px) {.fusion-title.fusion-title-1{margin-top:10px!important; margin-right:0px!important;margin-bottom:15px!important;margin-left:0px!important;}}@media only screen and (max-width:800px) {.fusion-title.fusion-title-1{margin-top:10px!important; margin-right:0px!important;margin-bottom:10px!important; margin-left:0px!important;}}<\/style><div class=\"fusion-title title fusion-title-1 fusion-sep-none fusion-title-center fusion-title-text fusion-title-size-one\" style=\"margin-top:10px;margin-right:0px;margin-bottom:15px;margin-left:0px;\"><h1 class=\"title-heading-center fusion-responsive-typography-calculated\" style=\"margin:0;--fontSize:38;line-height:1.16;\">Z\u00e1sady zpracov\u00e1n\u00ed osobn\u00edch \u00fadaj\u016f<\/h1><\/div><div class=\"fusion-text fusion-text-1\"><p>Informace o zpracov\u00e1n\u00ed osobn\u00edch \u00fadaj\u016f ve smyslu Na\u0159\u00edzen\u00ed Evropsk\u00e9ho parlamentu a Rady (EU) 2016\/679 Obecn\u00e9 na\u0159\u00edzen\u00ed o ochran\u011b \u00fadaj\u016f (GDPR)<\/p>\n<p>Spole\u010dnost <b>Robotive s.r.o.<\/b> pln\u011b respektuje soukrom\u00ed osob a zodpov\u011bdn\u011b p\u0159istupuje ke zpracov\u00e1n\u00ed osobn\u00edch \u00fadaj\u016f. V souladu s platnou legislativou v oblasti ochrany osobn\u00edch \u00fadaj\u016f V\u00e1s informujeme jak zpracov\u00e1v\u00e1me osobn\u00ed \u00fadaje. Legislativn\u00ed r\u00e1mec ochrany osobn\u00edch \u00fadaj\u016f tvo\u0159\u00ed Na\u0159\u00edzen\u00ed Evropsk\u00e9ho parlamentu a Rady (EU) 2016\/679 ze dne 27. dubna 2016 o ochran\u011b fyzick\u00fdch osob p\u0159i zpracov\u00e1n\u00ed osobn\u00edch \u00fadaj\u016f a o voln\u00e9m pohybu takov\u00fdch \u00fadaj\u016f, kter\u00fdm se zru\u0161uje sm\u011brnice 95\/46\/ES (obecn\u00e9 na\u0159\u00edzen\u00ed o ochran\u011b \u00fadaj\u016f) (d\u00e1le jen \u201ena\u0159\u00edzen\u00ed GDPR\u201c) a z\u00e1kon \u010d. 18\/2018 Z. z. o ochran\u011b osobn\u00edch \u00fadaj\u016f a o zm\u011bn\u011b a dopln\u011bn\u00ed n\u011bkter\u00fdch z\u00e1kon\u016f (d\u00e1le jen \u201ez\u00e1kon o ochran\u011b osobn\u00edch \u00fadaj\u016f\u201c).<\/p>\n<p><b>Provozovatel<\/b><\/p>\n<p>Provozovatelem je spole\u010dnost Robotive s.r.o., Pulick\u00e1 695, 518 01 Dobru\u0161ka, \u010cesk\u00e1 republika, I\u010cO: 04723651, zapsan\u00e1 v Obchodn\u00edm rejst\u0159\u00edku Krajsk\u00e9ho soudu v Hradci Kr\u00e1lov\u00e9, C 46588 (d\u00e1le jen \u201eProvozovatel\u201c).<\/p>\n<p>Kontaktn\u00ed \u00fadaje provozovatele:<br \/>\ntel. <a href=\"tel:+420%20722%20112%20063\">+420 722 112 063<\/a><br \/>\ne-mail: <a href=\"mailto:info@robotive.eu\">info@robotive.eu<\/a><\/p>\n<p><b>Vymezen\u00ed z\u00e1kladn\u00edch pojm\u016f<\/b><br \/>\nOsobn\u00edmi \u00fadaji jsou \u00fadaje t\u00fdkaj\u00edc\u00ed se identifikovan\u00e9 nebo identifikovateln\u00e9 fyzick\u00e9 osoby, kterou lze identifikovat p\u0159\u00edmo nebo nep\u0159\u00edmo. Dot\u010denou osobou je ka\u017ed\u00e1 fyzick\u00e1 osoba, jej\u00ed\u017e osobn\u00ed \u00fadaje se zpracov\u00e1vaj\u00ed. Dot\u010denou osobou je ka\u017ed\u00e1 fyzick\u00e1 osoba, jej\u00ed\u017e osobn\u00ed \u00fadaje se zpracov\u00e1vaj\u00ed.<\/p>\n<p><b>Zpracov\u00e1v\u00e1n\u00ed osobn\u00edch \u00fadaj\u016f pro jednotliv\u00e9 \u00fa\u010dely a pr\u00e1vn\u00ed z\u00e1klad zpracov\u00e1v\u00e1n\u00ed osobn\u00edch \u00fadaj\u016f<\/b><\/p>\n<p><b>i. Objedn\u00e1vka slu\u017eeb nebo zbo\u017e\u00ed a uzav\u0159en\u00ed kupn\u00ed smlouvy v\u010detn\u011b p\u0159edsmluvn\u00edch vztah\u016f<\/b><br \/>\na s t\u00edm souvisej\u00edc\u00ed i n\u00e1sledn\u00e9 uskute\u010dn\u011bn\u00ed platby, dod\u00e1n\u00ed slu\u017eby nebo zbo\u017e\u00ed.<br \/>\nRozsah zpracov\u00e1van\u00fdch osobn\u00edch \u00fadaj\u016f je vymezen smlouvou o slu\u017eb\u00e1ch, p\u0159\u00edpadn\u011b kupn\u00ed smlouvou a to zejm\u00e9na: jm\u00e9no a p\u0159\u00edjmen\u00ed z\u00e1kazn\u00edka, faktura\u010dn\u00ed adresa\/dodac\u00ed adresa, kontaktn\u00ed \u00fadaje (tel. \u010d\u00edslo, e-mailov\u00e1 adresa), \u00fadaje o zakoupen\u00e9m zbo\u017e\u00ed nebo poskytnut\u00e9 slu\u017eb\u011b a \u00fadaje souvisej\u00edc\u00ed s platbou za zbo\u017e\u00ed.<br \/>\nPr\u00e1vn\u00edm z\u00e1kladem zpracov\u00e1n\u00ed osobn\u00edch \u00fadaj\u016f je pln\u011bn\u00ed smlouvy, jej\u00ed\u017e smluvn\u00ed stranou je doty\u010dn\u00e1 osoba (z\u00e1kazn\u00edk), nebo aby na z\u00e1klad\u011b \u017e\u00e1dosti doty\u010dn\u00e9 osoby byla provedena opat\u0159en\u00ed p\u0159ed uzav\u0159en\u00edm smlouvy ve smyslu \u010dl. 6 ods. 1 p\u00edsm. b) na\u0159\u00edzen\u00ed GDPR.<br \/>\nPoskytnut\u00ed osobn\u00edch \u00fadaj\u016f je nezbytn\u00e9 pro uzav\u0159en\u00ed a \u0159\u00e1dn\u00e9 pln\u011bn\u00ed smlouvy.<br \/>\nBez poskytnut\u00ed pravdiv\u00fdch \u00fadaj\u016f nelze uzav\u0159\u00edt a\/nebo \u0159\u00e1dn\u011b plnit p\u0159edm\u011btnou smlouvu. Osobn\u00ed \u00fadaje jsou zpracov\u00e1v\u00e1ny po dobu trv\u00e1n\u00ed smluvn\u00edho vztahu, p\u0159\u00edpadn\u011b po dobu uplat\u0148ov\u00e1n\u00ed pr\u00e1vn\u00edch n\u00e1rok\u016f.<\/p>\n<p><b>ii. \u00da\u010detn\u00ed a da\u0148ov\u00e9 \u00fa\u010dely<\/b><br \/>\nK pln\u011bn\u00ed povinnost\u00ed vypl\u00fdvaj\u00edc\u00edch z \u00fa\u010detn\u00edch a da\u0148ov\u00fdch p\u0159edpis\u016f jsou zpracov\u00e1v\u00e1ny osobn\u00ed \u00fadaje v rozsahu stanoven\u00e9m platnou legislativou.<br \/>\nPr\u00e1vn\u00edm z\u00e1kladem zpracov\u00e1n\u00ed osobn\u00edch \u00fadaj\u016f je pln\u011bn\u00ed z\u00e1konn\u00fdch povinnost\u00ed Provozovatele ve smyslu \u010dl. 6 ods. 1 p\u00edsm. c) na\u0159\u00edzen\u00ed GDPR.<br \/>\nZpracov\u00e1n\u00ed osobn\u00edch \u00fadaj\u016f prob\u00edh\u00e1 bez souhlasu doty\u010dn\u00e9 osoby, nebo\u0165 zpracov\u00e1n\u00ed osobn\u00edch \u00fadaj\u016f stanov\u00ed zvl\u00e1\u0161tn\u00ed p\u0159edpis.<\/p>\n<p><b>iii. Evidence \u017e\u00e1dost\u00ed o p\u0159ijet\u00ed do zam\u011bstn\u00e1n\u00ed<\/b><br \/>\nPro \u00fa\u010dely evidence z\u00e1jemc\u016f o zam\u011bstn\u00e1n\u00ed Provozovatel zpracov\u00e1v\u00e1 osobn\u00ed \u00fadaje v rozsahu zaslan\u00fdch dokument\u016f (CV, motiva\u010dn\u00ed dopis, certifik\u00e1ty, potvrzen\u00ed) doty\u010dnou osobou, zejm\u00e9na jm\u00e9no a p\u0159\u00edjmen\u00ed, titul, adresa bydli\u0161t\u011b, tel. \u010d\u00edslo, e-mailov\u00e1 adresa a dal\u0161\u00ed \u00fadaje poskytnut\u00e9 uchaze\u010dem o zam\u011bstn\u00e1n\u00ed. Pr\u00e1vn\u00edm z\u00e1kladem zpracov\u00e1n\u00ed osobn\u00edch \u00fadaj\u016f je poskytnut souhlas doty\u010dn\u00e9 osoby ve smyslu \u010dl. 6 ods. 1 p\u00edsm. a) na\u0159\u00edzen\u00ed GDPR. Poskytnut\u00ed souhlasu doty\u010dn\u00e9 osoby ke zpracov\u00e1n\u00ed jej\u00edch osobn\u00edch \u00fadaj\u016f je dobrovoln\u00e9. Dot\u010den\u00e1 osoba m\u00e1 pr\u00e1vo kdykoli odvolat sv\u016fj souhlas. Odvol\u00e1n\u00ed souhlasu nem\u00e1 vliv na z\u00e1konnost zpracov\u00e1n\u00ed vych\u00e1zej\u00edc\u00edho ze souhlasu p\u0159ed jeho odvol\u00e1n\u00edm. Bez poskytnut\u00ed souhlasu doty\u010dnou osobou, nem\u016f\u017ee b\u00fdt tato osoba za\u0159azena do evidence uchaze\u010d\u016f o zam\u011bstn\u00e1n\u00ed. Osobn\u00ed \u00fadaje jsou uchov\u00e1v\u00e1ny po dobu 5 let od poskytnut\u00ed souhlasu nebo do doby odvol\u00e1n\u00ed souhlasu doty\u010dnou osobou.<\/p>\n<p><b>iv. Provozov\u00e1n\u00ed profil\u016f na soci\u00e1ln\u00edch s\u00edt\u00edch (Fan Pages)<\/b><br \/>\nPro \u00fa\u010dely podpory prodeje produkt\u016f a slu\u017eeb Provozovatele, jako\u017e i vyu\u017eit\u00ed prost\u0159ed\u00ed soci\u00e1ln\u00edch s\u00edt\u00ed jako komunika\u010dn\u00edho kan\u00e1lu se z\u00e1kazn\u00edkem, resp. potenci\u00e1ln\u00edm z\u00e1kazn\u00edk\u016fm, Provozovatel spravuje sv\u00e9 profily na soci\u00e1ln\u00edch s\u00edt\u00edch (Facebook a Instagram). Pr\u00e1vn\u00edm z\u00e1kladem zpracov\u00e1n\u00ed osobn\u00edch \u00fadaj\u016f je opr\u00e1vn\u011bn\u00fd z\u00e1jem Provozovatele, v souladu s \u010dl. 6 ods. 1 p\u00edsm. f) na\u0159\u00edzen\u00ed GDPR. Opr\u00e1vn\u011bn\u00fdm z\u00e1jmem Provozovatele je zejm\u00e9na zvy\u0161ov\u00e1n\u00ed pov\u011bdom\u00ed o slu\u017eb\u00e1ch a produktech Provozovatele. Osobn\u00ed \u00fadaje jsou uchov\u00e1v\u00e1ny do momentu odstran\u011bn\u00ed p\u0159\u00edsp\u011bvku ze soci\u00e1ln\u00ed s\u00edt\u011b samotnou dot\u010denou osobou, odstran\u011bn\u00ed p\u0159\u00edsp\u011bvku Provozovatelem, p\u0159\u00edp. do nam\u00edt\u00e1n\u00ed zpracov\u00e1n\u00ed doty\u010dnou osobou nebo do doru\u010den\u00ed \u017e\u00e1dosti doty\u010dn\u00e9 osoby o vymaz\u00e1n\u00ed jej\u00edch osobn\u00edch \u00fadaj\u016f z profilu Provozovatele. Provozovatel m\u016f\u017ee informace o pou\u017e\u00edv\u00e1n\u00ed webov\u00e9 str\u00e1nky, p\u0159\u00edp. aktivit\u011b na profilech Provozovatele na soci\u00e1ln\u00edch s\u00edt\u00edch pou\u017e\u00edt v souhrnn\u00e9 form\u011b ke statistick\u00fdm anal\u00fdz\u00e1m provozu webov\u00e9 str\u00e1nky (\u00fa\u010dtech na soc. s\u00edt\u00edch), za \u00fa\u010delem zkvalit\u0148ov\u00e1n\u00ed obsahu a u\u017eivatelsk\u00e9ho komfortu n\u00e1v\u0161t\u011bvn\u00edk\u016f webov\u00e9 str\u00e1nky nebo \u00fa\u010dt\u016f Provozovatele na soci\u00e1ln\u00edch s\u00edt\u00edch.<\/p>\n<p><b>v. Bezpe\u010dnost informa\u010dn\u00edch syst\u00e9m\u016f a webov\u00e9 str\u00e1nky<\/b><br \/>\nZa \u00fa\u010delem zaji\u0161t\u011bn\u00ed bezpe\u010dn\u00e9ho a spolehliv\u00e9ho provozu informa\u010dn\u00edch syst\u00e9m\u016f a webov\u00e9 str\u00e1nky Provozovatele jsou zpracov\u00e1v\u00e1ny online identifik\u00e1tory (nap\u0159. IP adresa, soubory cookies), kter\u00e9 za ur\u010dit\u00fdch okolnost\u00ed, mohou m\u00edt povahu osobn\u00edch \u00fadaj\u016f. Pr\u00e1vn\u00edm z\u00e1kladem zpracov\u00e1n\u00ed osobn\u00edch \u00fadaj\u016f je opr\u00e1vn\u011bn\u00fd z\u00e1jem Provozovatele ve smyslu \u010dl. 6 ods. 1 p\u00edsm. f) na\u0159\u00edzen\u00ed GDPR. Opr\u00e1vn\u011bn\u00fdm z\u00e1jmem Provozovatele je zaji\u0161t\u011bn\u00ed informa\u010dn\u00ed bezpe\u010dnosti provozovan\u00fdch syst\u00e9m\u016f. Zpracov\u00e1v\u00e1n\u00ed osobn\u00edch \u00fadaj\u016f pro uveden\u00fd \u00fa\u010del je opr\u00e1vn\u011bn\u00fdm po\u017eadavkem Provozovatele. Doba uchov\u00e1v\u00e1n\u00ed t\u011bchto osobn\u00edch \u00fadaj\u016f je ur\u010dena syst\u00e9mov\u00fdmi nastaven\u00edmi jednotliv\u00fdch informa\u010dn\u00edch syst\u00e9m\u016f.<\/p>\n<p><b>P\u0159\u00edjemci osobn\u00edch \u00fadaj\u016f<\/b><\/p>\n<p>Osobn\u00ed \u00fadaje dot\u010den\u00fdch osob zpracov\u00e1vaj\u00ed pov\u011b\u0159en\u00ed zam\u011bstnanci Provozovatele, kte\u0159\u00ed jsou v\u00e1z\u00e1ni ml\u010denlivost\u00ed a byli za\u0161koleni v oblasti ochrany osobn\u00edch \u00fadaj\u016f. Za \u00fa\u010delem pln\u011bn\u00ed smlouvy jsou osobn\u00ed \u00fadaje poskytov\u00e1ny i na\u0161im smluvn\u00edm partner\u016fm v oblasti \u00fa\u010detnictv\u00ed a p\u0159epravy zbo\u017e\u00ed (kur\u00fdrsk\u00e9 a p\u0159epravn\u00ed spole\u010dnosti). Na \u017e\u00e1dost doty\u010dn\u00e9 osoby Provozovatel poskytne \u00fadaje o tom, kte\u0159\u00ed zprost\u0159edkovatel\u00e9 se pod\u00edlej\u00ed na zpracov\u00e1n\u00ed osobn\u00edch \u00fadaj\u016f doty\u010dn\u00e9 osoby. D\u00e1le mohou b\u00fdt osobn\u00ed \u00fadaje doty\u010dn\u00fdch osob poskytnuty subjekt\u016fm ve\u0159ejn\u00e9 spr\u00e1vy a st\u00e1tn\u00edm org\u00e1n\u016fm ve smyslu zvl\u00e1\u0161tn\u00edch p\u0159edpis\u016f. P\u0159i spr\u00e1v\u011b profil\u016f Provozovatele na soci\u00e1ln\u00edch s\u00edt\u00edch m\u00e1 p\u0159\u00edstup k \u00fadaj\u016fm i provozovatel konkr\u00e9tn\u00ed soci\u00e1ln\u00ed s\u00edt\u011b. Bli\u017e\u0161\u00ed informace o jednotliv\u00fdch provozovatel\u016f soci\u00e1ln\u00edch s\u00edt\u00ed lze vyhledat na webov\u00fdch str\u00e1nk\u00e1ch konkr\u00e9tn\u00ed soci\u00e1ln\u00ed s\u00edt\u011b.<\/p>\n<p><b>P\u0159enos osobn\u00edch \u00fadaj\u016f do t\u0159et\u00edch zem\u00ed a analytika<\/b><\/p>\n<p>P\u0159enos osobn\u00edch \u00fadaj\u016f do t\u0159et\u00ed zem\u011b se neuskute\u010d\u0148uje a osobn\u00ed \u00fadaje nejsou p\u0159edm\u011btem automatizovan\u00e9ho individu\u00e1ln\u00edho rozhodov\u00e1n\u00ed ani profilov\u00e1n\u00ed. Doba uchov\u00e1v\u00e1n\u00ed osobn\u00edch \u00fadaj\u016f Provozovatel uchov\u00e1v\u00e1 osobn\u00ed \u00fadaje po dobu:<\/p>\n<ul>\n<li>trv\u00e1n\u00ed smluvn\u00edho vztahu a po dobu trv\u00e1n\u00ed proml\u010dec\u00ed doby souvisej\u00edc\u00edho n\u00e1roku,<\/li>\n<li>spln\u011bn\u00ed \u00fa\u010delu zpracov\u00e1n\u00ed osobn\u00edch \u00fadaj\u016f,<\/li>\n<li>trv\u00e1n\u00ed opr\u00e1vn\u011bn\u00e9ho z\u00e1jmu Provozovatele,<\/li>\n<li>doby stanoven\u00e9 zvl\u00e1\u0161tn\u00edmi p\u0159edpisy.<\/li>\n<\/ul>\n<p><b>Pr\u00e1va dot\u010den\u00e9 osoby<\/b><\/p>\n<p>Jako dot\u010den\u00e1 osoba m\u00e1te, v souladu s na\u0159\u00edzen\u00edm GDPR, n\u00e1sleduj\u00edc\u00ed pr\u00e1va:<\/p>\n<p><b>Pr\u00e1vo na p\u0159\u00edstup<\/b> &#8211; m\u00e1te pr\u00e1vo na poskytnut\u00ed kopie osobn\u00edch \u00fadaj\u016f, kter\u00e9 o V\u00e1s zpracov\u00e1v\u00e1me, jako\u017e i na informace o tom, jak Va\u0161e osobn\u00ed \u00fadaje pou\u017e\u00edv\u00e1me. Va\u0161e osobn\u00ed \u00fadaje V\u00e1m budou poskytnuty stejnou formou jakou jste o to po\u017e\u00e1dali, bude-li to technicky mo\u017en\u00e9.<\/p>\n<p><b>Pr\u00e1vo na opravu<\/b> &#8211; p\u0159ij\u00edm\u00e1me p\u0159im\u011b\u0159en\u00e1 opat\u0159en\u00ed, abychom zabezpe\u010dili p\u0159esnost, \u00faplnost a aktu\u00e1lnost informac\u00ed, kter\u00e9 o V\u00e1s m\u00e1me k dispozici. Pokud si mysl\u00edte, \u017ee \u00fadaje, kter\u00fdmi disponujeme jsou nep\u0159esn\u00e9, ne\u00fapln\u00e9 nebo neaktu\u00e1ln\u00ed, pros\u00edm, nev\u00e1hejte n\u00e1s po\u017e\u00e1dat, abychom tyto informace upravili, aktualizovali nebo doplnili.<\/p>\n<p><b>Pr\u00e1vo na v\u00fdmaz (k zapomenut\u00ed)<\/b> &#8211; m\u00e1te pr\u00e1vo n\u00e1s po\u017e\u00e1dat o vymaz\u00e1n\u00ed Va\u0161ich osobn\u00edch \u00fadaj\u016f, nap\u0159\u00edklad v p\u0159\u00edpad\u011b, \u017ee osobn\u00ed \u00fadaje, kter\u00e9 jsme o V\u00e1s z\u00edskali, ji\u017e v\u00edce nejsou pot\u0159ebn\u00e9 k napln\u011bn\u00ed p\u016fvodn\u00edho \u00fa\u010delu zpracov\u00e1n\u00ed. Va\u0161e pr\u00e1vo je v\u0161ak t\u0159eba posoudit z pohledu v\u0161ech relevantn\u00edch okolnost\u00ed. Nap\u0159\u00edklad m\u016f\u017eeme m\u00edt ur\u010dit\u00e9 pr\u00e1vn\u00ed a regula\u010dn\u00ed povinnosti, co\u017e znamen\u00e1, \u017ee nebudeme moci Va\u0161\u00ed \u017e\u00e1dosti vyhov\u011bt.<\/p>\n<p><b>Pr\u00e1vo na omezen\u00ed zpracov\u00e1n\u00ed<\/b> &#8211; za ur\u010dit\u00fdch okolnost\u00ed jste opr\u00e1vn\u011bni n\u00e1s po\u017e\u00e1dat, abychom p\u0159estali pou\u017e\u00edvat Va\u0161e osobn\u00ed \u00fadaje. Jde nap\u0159\u00edklad o p\u0159\u00edpady, kdy si mysl\u00edte, \u017ee osobn\u00ed \u00fadaje, kter\u00e9 o V\u00e1s m\u00e1me, mohou b\u00fdt nep\u0159esn\u00e9 nebo kdy\u017e si mysl\u00edte, \u017ee ji\u017e Va\u0161e osobn\u00ed \u00fadaje nepot\u0159ebujeme vyu\u017e\u00edvat. Pr\u00e1vo na p\u0159enosnost \u00fadaj\u016f &#8211; za ur\u010dit\u00fdch okolnost\u00ed m\u00e1te pr\u00e1vo po\u017e\u00e1dat n\u00e1s o p\u0159enos osobn\u00edch \u00fadaj\u016f, kter\u00e9 jste n\u00e1m poskytli, na jinou t\u0159et\u00ed stranu dle Va\u0161eho v\u00fdb\u011bru. Pr\u00e1vo na p\u0159enosnost se v\u0161ak t\u00fdk\u00e1 pouze osobn\u00edch \u00fadaj\u016f, kter\u00e9 jsme od V\u00e1s z\u00edskali na z\u00e1klad\u011b souhlasu nebo na z\u00e1klad\u011b smlouvy, kter\u00e9 jste jednou ze smluvn\u00edch stran.<\/p>\n<p><b>Pr\u00e1vo nam\u00edtat<\/b> &#8211; m\u00e1te pr\u00e1vo nam\u00edtat v\u016f\u010di zpracov\u00e1n\u00ed \u00fadaj\u016f, kter\u00e9 je zalo\u017eeno na na\u0161ich legitimn\u00edch opr\u00e1vn\u011bn\u00fdch z\u00e1jmech. V p\u0159\u00edpad\u011b, \u017ee neprok\u00e1\u017eeme nezbytn\u00e9 opr\u00e1vn\u011bn\u00e9 d\u016fvody pro zpracov\u00e1n\u00ed osobn\u00edch \u00fadaj\u016f, kter\u00e9 p\u0159eva\u017euj\u00ed nad z\u00e1jmy, pr\u00e1vy a svobodami doty\u010dn\u00e9 osoby, nebo d\u016fvody pro obhajov\u00e1n\u00ed pr\u00e1vn\u00edho n\u00e1roku, a Vy pod\u00e1te n\u00e1mitku, nebudeme Va\u0161e osobn\u00ed \u00fadaje d\u00e1le zpracov\u00e1vat.<\/p>\n<p><b>Pr\u00e1vo podat n\u00e1vrh na zah\u00e1jen\u00ed \u0159\u00edzen\u00ed o ochran\u011b osobn\u00edch \u00fadaj\u016f<\/b> &#8211; pokud se domn\u00edv\u00e1te, \u017ee Va\u0161e osobn\u00ed \u00fadaje zpracov\u00e1v\u00e1me nespravedliv\u011b nebo nez\u00e1konn\u011b, m\u016f\u017eete podat st\u00ed\u017enost na dozor\u010d\u00ed org\u00e1n, kter\u00fdm je \u00da\u0159ad na ochranu osobn\u00edch \u00fadaj\u016f \u010cesk\u00e9 republiky, Pplk. Sochora 27, 170 00 Praha 7, <a href=\"https:\/\/uoou.gov.cz\/\" target=\"_blank\" rel=\"noopener\">https:\/\/uoou.gov.cz\/<\/a>.<\/p>\n<p><b>Pr\u00e1vo odvolat souhlas<\/b> &#8211; pokud je zpracov\u00e1n\u00ed osobn\u00edch \u00fadaj\u016f zalo\u017eeno na Va\u0161em souhlasu, m\u00e1te pr\u00e1vo kdykoli sv\u016fj souhlas odvolat, ani\u017e by to m\u011blo vliv na z\u00e1konnost zpracov\u00e1n\u00ed zalo\u017een\u00e9ho na souhlasu ud\u011blen\u00e9m p\u0159ed jeho odvol\u00e1n\u00edm.<\/p>\n<p>Tato pr\u00e1va m\u016f\u017eete uplatnit:<\/p>\n<ul>\n<li>elektronicky zasl\u00e1n\u00edm e-mailu na adresu: <a href=\"mailto:info@robotive.eu\">info@robotive.eu<\/a>;<\/li>\n<li>p\u00edsemn\u011b na adresu: Robotive s.r.o., Pulick\u00e1 695, 518 01 Dobru\u0161ka, \u010cesk\u00e1 republika.<\/li>\n<\/ul>\n<\/div><\/div><style type=\"text\/css\">.fusion-body .fusion-builder-column-0{width:100% !important;margin-top : 0px;margin-bottom : 20px;}.fusion-builder-column-0 > .fusion-column-wrapper {padding-top : 0px !important;padding-right : 0px !important;margin-right : 1.92%;padding-bottom : 0px !important;padding-left : 0px !important;margin-left : 1.92%;}@media only screen and (max-width:1024px) {.fusion-body .fusion-builder-column-0{width:100% !important;order : 0;}.fusion-builder-column-0 > .fusion-column-wrapper {margin-right : 1.92%;margin-left : 1.92%;}}@media only screen and (max-width:800px) {.fusion-body .fusion-builder-column-0{width:100% !important;order : 0;}.fusion-builder-column-0 > .fusion-column-wrapper {margin-right : 1.92%;margin-left : 1.92%;}}<\/style><\/div><\/div><style type=\"text\/css\">.fusion-body .fusion-flex-container.fusion-builder-row-1{ padding-top : 0px;margin-top : 0px;padding-right : 0px;padding-bottom : 0px;margin-bottom : 0px;padding-left : 0px;}<\/style><\/div>\n","protected":false},"excerpt":{"rendered":"","protected":false},"author":1,"featured_media":0,"parent":0,"menu_order":0,"comment_status":"closed","ping_status":"closed","template":"","meta":{"footnotes":""},"class_list":["post-1898","page","type-page","status-publish","hentry"],"yoast_head":"<!-- This site is optimized with the Yoast SEO plugin v22.7 - https:\/\/yoast.com\/wordpress\/plugins\/seo\/ -->\n<title>Z\u00e1sady zpracov\u00e1n\u00ed osobn\u00edch \u00fadaj\u016f - Robotive<\/title>\n<meta name=\"robots\" content=\"index, follow, max-snippet:-1, max-image-preview:large, max-video-preview:-1\" \/>\n<link rel=\"canonical\" href=\"https:\/\/robotive.eu\/cs\/zasady-zpracovani-osobnich-udaju\/\" \/>\n<meta property=\"og:locale\" content=\"cs_CZ\" \/>\n<meta property=\"og:type\" content=\"article\" \/>\n<meta property=\"og:title\" content=\"Z\u00e1sady zpracov\u00e1n\u00ed osobn\u00edch \u00fadaj\u016f - Robotive\" \/>\n<meta property=\"og:url\" content=\"https:\/\/robotive.eu\/cs\/zasady-zpracovani-osobnich-udaju\/\" \/>\n<meta property=\"og:site_name\" content=\"Robotive\" \/>\n<meta property=\"article:publisher\" content=\"https:\/\/www.facebook.com\/Robotive\/\" \/>\n<meta property=\"article:modified_time\" content=\"2025-09-03T09:43:53+00:00\" \/>\n<meta name=\"twitter:card\" content=\"summary_large_image\" \/>\n<meta name=\"twitter:label1\" content=\"Odhadovan\u00e1 doba \u010dten\u00ed\" \/>\n\t<meta name=\"twitter:data1\" content=\"10 minut\" \/>\n<script type=\"application\/ld+json\" class=\"yoast-schema-graph\">{\"@context\":\"https:\/\/schema.org\",\"@graph\":[{\"@type\":\"WebPage\",\"@id\":\"https:\/\/robotive.eu\/cs\/zasady-zpracovani-osobnich-udaju\/\",\"url\":\"https:\/\/robotive.eu\/cs\/zasady-zpracovani-osobnich-udaju\/\",\"name\":\"Z\u00e1sady zpracov\u00e1n\u00ed osobn\u00edch \u00fadaj\u016f - Robotive\",\"isPartOf\":{\"@id\":\"https:\/\/robotive.eu\/#website\"},\"datePublished\":\"2023-05-25T06:06:33+00:00\",\"dateModified\":\"2025-09-03T09:43:53+00:00\",\"breadcrumb\":{\"@id\":\"https:\/\/robotive.eu\/cs\/zasady-zpracovani-osobnich-udaju\/#breadcrumb\"},\"inLanguage\":\"cs\",\"potentialAction\":[{\"@type\":\"ReadAction\",\"target\":[\"https:\/\/robotive.eu\/cs\/zasady-zpracovani-osobnich-udaju\/\"]}]},{\"@type\":\"BreadcrumbList\",\"@id\":\"https:\/\/robotive.eu\/cs\/zasady-zpracovani-osobnich-udaju\/#breadcrumb\",\"itemListElement\":[{\"@type\":\"ListItem\",\"position\":1,\"name\":\"Domovsk\u00e1 str\u00e1nka\",\"item\":\"https:\/\/robotive.eu\/cs\/uvod-2\/\"},{\"@type\":\"ListItem\",\"position\":2,\"name\":\"Z\u00e1sady zpracov\u00e1n\u00ed osobn\u00edch \u00fadaj\u016f\"}]},{\"@type\":\"WebSite\",\"@id\":\"https:\/\/robotive.eu\/#website\",\"url\":\"https:\/\/robotive.eu\/\",\"name\":\"robotive.eu\",\"description\":\"Robotics in automotive\",\"publisher\":{\"@id\":\"https:\/\/robotive.eu\/#organization\"},\"potentialAction\":[{\"@type\":\"SearchAction\",\"target\":{\"@type\":\"EntryPoint\",\"urlTemplate\":\"https:\/\/robotive.eu\/?s={search_term_string}\"},\"query-input\":\"required name=search_term_string\"}],\"inLanguage\":\"cs\"},{\"@type\":\"Organization\",\"@id\":\"https:\/\/robotive.eu\/#organization\",\"name\":\"Robotive s.r.o.\",\"url\":\"https:\/\/robotive.eu\/\",\"logo\":{\"@type\":\"ImageObject\",\"inLanguage\":\"cs\",\"@id\":\"https:\/\/robotive.eu\/#\/schema\/logo\/image\/\",\"url\":\"https:\/\/robotive.eu\/wp-content\/uploads\/2021\/09\/robotive-favicon.png\",\"contentUrl\":\"https:\/\/robotive.eu\/wp-content\/uploads\/2021\/09\/robotive-favicon.png\",\"width\":164,\"height\":164,\"caption\":\"Robotive s.r.o.\"},\"image\":{\"@id\":\"https:\/\/robotive.eu\/#\/schema\/logo\/image\/\"},\"sameAs\":[\"https:\/\/www.facebook.com\/Robotive\/\",\"https:\/\/www.linkedin.com\/company\/robotive\"]}]}<\/script>\n<!-- \/ Yoast SEO plugin. -->","yoast_head_json":{"title":"Z\u00e1sady zpracov\u00e1n\u00ed osobn\u00edch \u00fadaj\u016f - Robotive","robots":{"index":"index","follow":"follow","max-snippet":"max-snippet:-1","max-image-preview":"max-image-preview:large","max-video-preview":"max-video-preview:-1"},"canonical":"https:\/\/robotive.eu\/cs\/zasady-zpracovani-osobnich-udaju\/","og_locale":"cs_CZ","og_type":"article","og_title":"Z\u00e1sady zpracov\u00e1n\u00ed osobn\u00edch \u00fadaj\u016f - Robotive","og_url":"https:\/\/robotive.eu\/cs\/zasady-zpracovani-osobnich-udaju\/","og_site_name":"Robotive","article_publisher":"https:\/\/www.facebook.com\/Robotive\/","article_modified_time":"2025-09-03T09:43:53+00:00","twitter_card":"summary_large_image","twitter_misc":{"Odhadovan\u00e1 doba \u010dten\u00ed":"10 minut"},"schema":{"@context":"https:\/\/schema.org","@graph":[{"@type":"WebPage","@id":"https:\/\/robotive.eu\/cs\/zasady-zpracovani-osobnich-udaju\/","url":"https:\/\/robotive.eu\/cs\/zasady-zpracovani-osobnich-udaju\/","name":"Z\u00e1sady zpracov\u00e1n\u00ed osobn\u00edch \u00fadaj\u016f - Robotive","isPartOf":{"@id":"https:\/\/robotive.eu\/#website"},"datePublished":"2023-05-25T06:06:33+00:00","dateModified":"2025-09-03T09:43:53+00:00","breadcrumb":{"@id":"https:\/\/robotive.eu\/cs\/zasady-zpracovani-osobnich-udaju\/#breadcrumb"},"inLanguage":"cs","potentialAction":[{"@type":"ReadAction","target":["https:\/\/robotive.eu\/cs\/zasady-zpracovani-osobnich-udaju\/"]}]},{"@type":"BreadcrumbList","@id":"https:\/\/robotive.eu\/cs\/zasady-zpracovani-osobnich-udaju\/#breadcrumb","itemListElement":[{"@type":"ListItem","position":1,"name":"Domovsk\u00e1 str\u00e1nka","item":"https:\/\/robotive.eu\/cs\/uvod-2\/"},{"@type":"ListItem","position":2,"name":"Z\u00e1sady zpracov\u00e1n\u00ed osobn\u00edch \u00fadaj\u016f"}]},{"@type":"WebSite","@id":"https:\/\/robotive.eu\/#website","url":"https:\/\/robotive.eu\/","name":"robotive.eu","description":"Robotics in automotive","publisher":{"@id":"https:\/\/robotive.eu\/#organization"},"potentialAction":[{"@type":"SearchAction","target":{"@type":"EntryPoint","urlTemplate":"https:\/\/robotive.eu\/?s={search_term_string}"},"query-input":"required name=search_term_string"}],"inLanguage":"cs"},{"@type":"Organization","@id":"https:\/\/robotive.eu\/#organization","name":"Robotive s.r.o.","url":"https:\/\/robotive.eu\/","logo":{"@type":"ImageObject","inLanguage":"cs","@id":"https:\/\/robotive.eu\/#\/schema\/logo\/image\/","url":"https:\/\/robotive.eu\/wp-content\/uploads\/2021\/09\/robotive-favicon.png","contentUrl":"https:\/\/robotive.eu\/wp-content\/uploads\/2021\/09\/robotive-favicon.png","width":164,"height":164,"caption":"Robotive s.r.o."},"image":{"@id":"https:\/\/robotive.eu\/#\/schema\/logo\/image\/"},"sameAs":["https:\/\/www.facebook.com\/Robotive\/","https:\/\/www.linkedin.com\/company\/robotive"]}]}},"_links":{"self":[{"href":"https:\/\/robotive.eu\/cs\/wp-json\/wp\/v2\/pages\/1898","targetHints":{"allow":["GET"]}}],"collection":[{"href":"https:\/\/robotive.eu\/cs\/wp-json\/wp\/v2\/pages"}],"about":[{"href":"https:\/\/robotive.eu\/cs\/wp-json\/wp\/v2\/types\/page"}],"author":[{"embeddable":true,"href":"https:\/\/robotive.eu\/cs\/wp-json\/wp\/v2\/users\/1"}],"replies":[{"embeddable":true,"href":"https:\/\/robotive.eu\/cs\/wp-json\/wp\/v2\/comments?post=1898"}],"version-history":[{"count":6,"href":"https:\/\/robotive.eu\/cs\/wp-json\/wp\/v2\/pages\/1898\/revisions"}],"predecessor-version":[{"id":3099,"href":"https:\/\/robotive.eu\/cs\/wp-json\/wp\/v2\/pages\/1898\/revisions\/3099"}],"wp:attachment":[{"href":"https:\/\/robotive.eu\/cs\/wp-json\/wp\/v2\/media?parent=1898"}],"curies":[{"name":"wp","href":"https:\/\/api.w.org\/{rel}","templated":true}]}}